{"id":214,"date":"2021-08-20T10:37:29","date_gmt":"2021-08-20T08:37:29","guid":{"rendered":"https:\/\/www.residenzabriati.com\/home\/"},"modified":"2022-06-29T16:47:49","modified_gmt":"2022-06-29T14:47:49","slug":"home","status":"publish","type":"page","link":"https:\/\/www.residenzabriati.com\/es\/","title":{"rendered":"Home"},"content":{"rendered":"<p>[vc_row css_animation=\u00bb\u00bb row_type=\u00bbrow\u00bb use_row_as_full_screen_section=\u00bbno\u00bb type=\u00bbfull_width\u00bb anchor=\u00bbhome\u00bb angled_section=\u00bbyes\u00bb angled_section_position=\u00bbboth\u00bb angled_section_direction=\u00bbfrom_left_to_right\u00bb text_align=\u00bbcenter\u00bb background_image_as_pattern=\u00bbwithout_pattern\u00bb z_index=\u00bb\u00bb][vc_column][rev_slider_vc alias=\u00bbhome\u00bb][\/vc_column][\/vc_row][vc_row css_animation=\u00bb\u00bb row_type=\u00bbrow\u00bb use_row_as_full_screen_section=\u00bbno\u00bb type=\u00bbgrid\u00bb anchor=\u00bbdescrizione\u00bb angled_section=\u00bbno\u00bb text_align=\u00bbleft\u00bb background_image_as_pattern=\u00bbwithout_pattern\u00bb padding_top=\u00bb40&#8243; padding_bottom=\u00bb40&#8243; z_index=\u00bb\u00bb][vc_column][vc_separator css_animation=\u00bbfadeInDown\u00bb type=\u00bbnormal\u00bb color=\u00bb#ffffff\u00bb thickness=\u00bb1&#8243;][vc_empty_space][vc_column_text]<\/p>\n<h2 style=\"text-align: center;\">Residenza Briati<\/h2>\n<p>[\/vc_column_text][vc_empty_space][vc_row_inner row_type=\u00bbrow\u00bb type=\u00bbgrid\u00bb text_align=\u00bbleft\u00bb css_animation=\u00bb\u00bb][vc_column_inner width=\u00bb2\/3&#8243;][vc_column_text]A pocos pasos de Piazzale Roma y la Accademia, Residenza Briati tiene soluciones adecuadas para parejas y familias a poca distancia del Campo Santa Margherita.<br \/>\nUbicada en el centro hist\u00f3rico de Venecia, en el distrito de Dorsoduro, la Residencia est\u00e1 inmersa en la zona conocida por sus bacari y restaurantes, a solo unos minutos de Frari, las galer\u00edas de arte Accademia y el Museo Guggenheim.<\/p>\n<p>Recientemente reformadas, las habitaciones cuentan con todas las comodidades para una estancia agradable en el coraz\u00f3n de Venecia.<br \/>\nResidenza Briati ofrece aire acondicionado, calefacci\u00f3n, wi-fi, hervidor de agua, secador de pelo, nevera y set de plancha compartido en todas las habitaciones.<br \/>\nTambi\u00e9n se proporcionan toallas suaves y una l\u00ednea de ba\u00f1o de cortes\u00eda.[\/vc_column_text][\/vc_column_inner][vc_column_inner width=\u00bb1\/3&#8243;][vc_single_image image=\u00bb172&#8243; img_size=\u00bb400&#215;300&#8243; alignment=\u00bbcenter\u00bb qode_css_animation=\u00bb\u00bb][\/vc_column_inner][\/vc_row_inner][vc_empty_space][vc_separator css_animation=\u00bbfadeInDown\u00bb type=\u00bbnormal\u00bb color=\u00bb#ffffff\u00bb thickness=\u00bb1&#8243;][\/vc_column][\/vc_row][vc_row css_animation=\u00bb\u00bb row_type=\u00bbrow\u00bb use_row_as_full_screen_section=\u00bbno\u00bb type=\u00bbgrid\u00bb anchor=\u00bbcamere\u00bb angled_section=\u00bbno\u00bb text_align=\u00bbleft\u00bb background_image_as_pattern=\u00bbwithout_pattern\u00bb z_index=\u00bb1&#8243;][vc_column][vc_column_text]<\/p>\n<h2 style=\"text-align: center;\">Habitaciones<\/h2>\n<p>[\/vc_column_text][vc_empty_space height=\u00bb50px\u00bb][vc_row_inner row_type=\u00bbrow\u00bb type=\u00bbgrid\u00bb text_align=\u00bbleft\u00bb background_color=\u00bb#383838&#8243; padding_top=\u00bb30&#8243; padding_bottom=\u00bb30&#8243; css_animation=\u00bb\u00bb][vc_column_inner width=\u00bb2\/3&#8243;][vc_column_text]<\/p>\n<h3>DORMITORIO DOBLE CON BA\u00d1O EXTERNO COMPARTIDO<\/h3>\n<p>[\/vc_column_text][vc_empty_space height=\u00bb15px\u00bb][vc_column_text]Habitaci\u00f3n con cama de matrimonio, aire acondicionado, calefacci\u00f3n y suelo de m\u00e1rmol; el ba\u00f1o externo compartido tiene ducha y bidet. Amueblado con escritorio, placard, perchero, y equipado con WiFi gratis.<br \/>\nPara hacer su estancia m\u00e1s agradable, encontrar\u00e1 un hervidor para hacer t\u00e9 y caf\u00e9, secador de pelo, toallas, art\u00edculos de aseo, nevera y set de planchapara uso compartido.[\/vc_column_text][\/vc_column_inner][vc_column_inner width=\u00bb1\/3&#8243;][vc_gallery interval=\u00bb3&#8243; images=\u00bb154,155,156&#8243; img_size=\u00bb400&#215;300&#8243;][\/vc_column_inner][\/vc_row_inner][vc_empty_space height=\u00bb5px\u00bb][vc_row_inner row_type=\u00bbrow\u00bb type=\u00bbgrid\u00bb text_align=\u00bbleft\u00bb background_color=\u00bb#333333&#8243; padding_top=\u00bb30&#8243; padding_bottom=\u00bb30&#8243; css_animation=\u00bb\u00bb][vc_column_inner width=\u00bb2\/3&#8243;][vc_column_text]<\/p>\n<h3>DOBLE HABITACION<\/h3>\n<p>[\/vc_column_text][vc_empty_space height=\u00bb15px\u00bb][vc_column_text]Habitaci\u00f3n con cama de matrimonio, ba\u00f1o privado con ducha y bidet, aire acondicionado, calefacci\u00f3n y suelo de m\u00e1rmol. Amueblado con escritorio, placard, perchero, y equipado con WiFi gratis. Para hacer su estancia m\u00e1s agradable, encontrar\u00e1 un hervidor para hacer t\u00e9 y caf\u00e9, secador de pelo, toallas, art\u00edculos de aseo, nevera y set de plancha para uso compartido.[\/vc_column_text][\/vc_column_inner][vc_column_inner width=\u00bb1\/3&#8243;][vc_gallery interval=\u00bb3&#8243; images=\u00bb175,174,153,152&#8243; img_size=\u00bb400&#215;300&#8243;][\/vc_column_inner][\/vc_row_inner][vc_empty_space height=\u00bb5px\u00bb][vc_row_inner row_type=\u00bbrow\u00bb type=\u00bbgrid\u00bb text_align=\u00bbleft\u00bb background_color=\u00bb#383838&#8243; padding_top=\u00bb30&#8243; padding_bottom=\u00bb30&#8243; css_animation=\u00bb\u00bb][vc_column_inner width=\u00bb2\/3&#8243;][vc_column_text]<\/p>\n<h3>HABITACI\u00d3N EST\u00c1NDAR SUPERIOR 2 + 1<\/h3>\n<p>[\/vc_column_text][vc_empty_space height=\u00bb15px\u00bb][vc_column_text]Habitaci\u00f3n con cama de matrimonio y cama individual, ba\u00f1o privado con ducha y bidet, aire acondicionado, calefacci\u00f3n, suelo de m\u00e1rmol. Amueblado con escritorio, placard, perchero, y equipado con WiFi gratis. Para hacer su estancia m\u00e1s agradable, encontrar\u00e1 un hervidor para hacer t\u00e9 y caf\u00e9, secador de pelo, toallas, art\u00edculos de aseo, nevera y set de plancha para uso compartido.[\/vc_column_text][\/vc_column_inner][vc_column_inner width=\u00bb1\/3&#8243;][vc_gallery interval=\u00bb3&#8243; images=\u00bb158,157,159&#8243; img_size=\u00bb400&#215;300&#8243;][\/vc_column_inner][\/vc_row_inner][vc_empty_space height=\u00bb5px\u00bb][vc_row_inner row_type=\u00bbrow\u00bb type=\u00bbgrid\u00bb text_align=\u00bbleft\u00bb background_color=\u00bb#333333&#8243; padding_top=\u00bb30&#8243; padding_bottom=\u00bb30&#8243; css_animation=\u00bb\u00bb][vc_column_inner width=\u00bb2\/3&#8243;][vc_column_text]<\/p>\n<h3>HABITACI\u00d3N SUPERIOR 2 + 1 CON BA\u00d1O EXTERNO COMPARTIDO<\/h3>\n<p>[\/vc_column_text][vc_empty_space height=\u00bb15px\u00bb][vc_column_text]Habitaci\u00f3n con cama de matrimonio y cama individual, aire acondicionado, calefacci\u00f3n y suelo de m\u00e1rmol;<br \/>\nel ba\u00f1o externo compartido tiene ducha y bidet. Amueblado con escritorio, placard, perchero, y equipado con WiFi gratis. Para hacer su estancia m\u00e1s agradable, encontrar\u00e1 un hervidor para hacer t\u00e9 y caf\u00e9, secador de pelo, toallas, art\u00edculos de aseo y set de plancha para uso compartido.[\/vc_column_text][\/vc_column_inner][vc_column_inner width=\u00bb1\/3&#8243;][vc_gallery interval=\u00bb3&#8243; images=\u00bb162,161,160&#8243; img_size=\u00bb400&#215;300&#8243;][\/vc_column_inner][\/vc_row_inner][vc_empty_space height=\u00bb5px\u00bb][vc_row_inner row_type=\u00bbrow\u00bb type=\u00bbgrid\u00bb text_align=\u00bbleft\u00bb background_color=\u00bb#383838&#8243; padding_top=\u00bb30&#8243; padding_bottom=\u00bb30&#8243; css_animation=\u00bb\u00bb][vc_column_inner width=\u00bb2\/3&#8243;][vc_column_text]<\/p>\n<h3>HABITACI\u00d3N SUPERIOR 2 + 1 + 1 CON BA\u00d1O EXTERNO COMPARTIDO<\/h3>\n<p>[\/vc_column_text][vc_empty_space height=\u00bb15px\u00bb][vc_column_text]Habitaci\u00f3n con cama doble y sof\u00e1 cama doble, aire acondicionado, calefacci\u00f3n y suelo de m\u00e1rmol; el ba\u00f1o externo compartido tiene ducha y bidet. Amueblado con escritorio, placard, perchero, y equipado con WiFi gratis. Para hacer su estancia m\u00e1s agradable, encontrar\u00e1 un hervidor para hacer t\u00e9 y caf\u00e9, secador de pelo, toallas, art\u00edculos de aseo y set de plancha para uso compartido.[\/vc_column_text][\/vc_column_inner][vc_column_inner width=\u00bb1\/3&#8243;][vc_gallery interval=\u00bb3&#8243; images=\u00bb163,165,166,164&#8243; img_size=\u00bb400&#215;300&#8243;][\/vc_column_inner][\/vc_row_inner][vc_empty_space height=\u00bb5px\u00bb][vc_row_inner row_type=\u00bbrow\u00bb type=\u00bbgrid\u00bb text_align=\u00bbleft\u00bb background_color=\u00bb#333333&#8243; padding_top=\u00bb30&#8243; padding_bottom=\u00bb30&#8243; css_animation=\u00bb\u00bb][vc_column_inner width=\u00bb2\/3&#8243;][vc_column_text]<\/p>\n<h3>APARTAMENTO<\/h3>\n<p>[\/vc_column_text][vc_empty_space height=\u00bb15px\u00bb][vc_column_text]Apartamento disponible para hasta 6 personas con habitaciones equipadas con camas dobles y \/ o sof\u00e1 cama doble y \/ o cama individual, ba\u00f1o con ducha y bidet, aire acondicionado, calefacci\u00f3n, Piso de m\u00e1rmol. Las habitaciones est\u00e1n amobladas con escritorio, placard, perchero, y equipadas con Wi-Fi gratis. Para hacer su estancia m\u00e1s placentera encontrar\u00e1 un hervidor para el cafetera \/ tetera, secador de<br \/>\npelo, toallas, art\u00edculos de aseo, cocina y set de plancha. La cocina est\u00e1 equipada con frigor\u00edfico, vitrocer\u00e1mica, microondas, mesa, sillas y todo el menaje necesario.[\/vc_column_text][\/vc_column_inner][vc_column_inner width=\u00bb1\/3&#8243;][vc_gallery interval=\u00bb3&#8243; images=\u00bb173,172,171,170,169,168,167&#8243; img_size=\u00bb400&#215;300&#8243;][\/vc_column_inner][\/vc_row_inner][\/vc_column][\/vc_row][vc_row css_animation=\u00bb\u00bb row_type=\u00bbrow\u00bb use_row_as_full_screen_section=\u00bbno\u00bb type=\u00bbgrid\u00bb anchor=\u00bbgallery\u00bb angled_section=\u00bbno\u00bb text_align=\u00bbleft\u00bb background_image_as_pattern=\u00bbwithout_pattern\u00bb padding_top=\u00bb40&#8243; padding_bottom=\u00bb40&#8243; z_index=\u00bb\u00bb][vc_column][vc_separator css_animation=\u00bbfadeInDown\u00bb type=\u00bbnormal\u00bb color=\u00bb#ffffff\u00bb thickness=\u00bb1&#8243;][vc_empty_space][vc_column_text]<\/p>\n<h2 style=\"text-align: center;\">Galeria<\/h2>\n<p>[\/vc_column_text][vc_empty_space][vc_row_inner row_type=\u00bbrow\u00bb type=\u00bbfull_width\u00bb text_align=\u00bbleft\u00bb css_animation=\u00bb\u00bb][vc_column_inner][vc_gallery type=\u00bbimage_grid\u00bb images=\u00bb175,174,173,172,171,170,169,168,167,166,165,164,163,162,161,160,159,158,157,156,155,154,153,152&#8243; img_size=\u00bb400&#215;300&#8243; onclick=\u00bbimg_link_large\u00bb column_number=\u00bb4&#8243; grayscale=\u00bbno\u00bb images_space=\u00bbgallery_with_space\u00bb][\/vc_column_inner][\/vc_row_inner][vc_empty_space][vc_separator css_animation=\u00bbfadeInDown\u00bb type=\u00bbnormal\u00bb color=\u00bb#ffffff\u00bb thickness=\u00bb1&#8243;][\/vc_column][\/vc_row][vc_row css_animation=\u00bb\u00bb row_type=\u00bbrow\u00bb use_row_as_full_screen_section=\u00bbno\u00bb type=\u00bbfull_width\u00bb anchor=\u00bbposizione\u00bb angled_section=\u00bbno\u00bb text_align=\u00bbleft\u00bb background_image_as_pattern=\u00bbwithout_pattern\u00bb z_index=\u00bb\u00bb][vc_column][vc_empty_space][vc_column_text]<\/p>\n<h2 style=\"text-align: center;\">POSICI\u00d3N<\/h2>\n<p>[\/vc_column_text][vc_empty_space][vc_row_inner row_type=\u00bbrow\u00bb type=\u00bbgrid\u00bb text_align=\u00bbleft\u00bb css_animation=\u00bb\u00bb][vc_column_inner][vc_column_text]<br \/>\nResidenza Briati est\u00e1 ubicada en Calle del Forno (Dorsoduro, 2967 \/ a) en Campo S. Margherita, que siempre ha sido uno de los centros m\u00e1s vitales y representativos de la vida veneciana, amado por los turistas por la presencia de bares, restaurantes y supermercados. La propiedad tambi\u00e9n se encuentra a poca distancia a pie de la estaci\u00f3n de tren de Venecia S. Lucia y Piazzale Roma, el punto de llegada de autom\u00f3viles, autobuses y<br \/>\ntranv\u00edas.<br \/>\n[\/vc_column_text][\/vc_column_inner][\/vc_row_inner][vc_empty_space height=\u00bb50px\u00bb][vc_gmaps link=\u00bb#E-8_JTNDaWZyYW1lJTIwc3JjJTNEJTIyaHR0cHMlM0ElMkYlMkZ3d3cuZ29vZ2xlLmNvbSUyRm1hcHMlMkZlbWJlZCUzRnBiJTNEJTIxMW0xOCUyMTFtMTIlMjExbTMlMjExZDk0MTYuNzI2MTAzMzA4NDE0JTIxMmQxMi4zMzAzOTgxMTE4NTQ0MzYlMjEzZDQ1LjQzNzM3NDIxMjMwNTg0JTIxMm0zJTIxMWYwJTIxMmYwJTIxM2YwJTIxM20yJTIxMWkxMDI0JTIxMmk3NjglMjE0ZjEzLjElMjEzbTMlMjExbTIlMjExczB4NDc3ZWIxYzhkMWI1YTFmZiUyNTNBMHgyYzBmYjRhZjBjNDIzYTVmJTIxMnNDYW1wbyUyNTIwU2FudGElMjUyME1hcmdoZXJpdGElMjUyQyUyNTIwMjk2NyUyNTJDJTI1MjAzMDEyMyUyNTIwVmVuZXppYSUyNTIwVkUlMjE1ZTAlMjEzbTIlMjExc2l0JTIxMnNpdCUyMTR2MTYyODg3MTA2OTg0NSUyMTVtMiUyMTFzaXQlMjEyc2l0JTIyJTIwd2lkdGglM0QlMjI2MDAlMjIlMjBoZWlnaHQlM0QlMjI0NTAlMjIlMjBzdHlsZSUzRCUyMmJvcmRlciUzQTAlM0IlMjIlMjBhbGxvd2Z1bGxzY3JlZW4lM0QlMjIlMjIlMjBsb2FkaW5nJTNEJTIybGF6eSUyMiUzRSUzQyUyRmlmcmFtZSUzRQ==\u00bb size=\u00bb600&#8243;][\/vc_column][\/vc_row]<\/p>\n","protected":false},"excerpt":{"rendered":"<p>[vc_row css_animation=\u00bb\u00bb row_type=\u00bbrow\u00bb use_row_as_full_screen_section=\u00bbno\u00bb type=\u00bbfull_width\u00bb anchor=\u00bbhome\u00bb angled_section=\u00bbyes\u00bb angled_section_position=\u00bbboth\u00bb angled_section_direction=\u00bbfrom_left_to_right\u00bb text_align=\u00bbcenter\u00bb background_image_as_pattern=\u00bbwithout_pattern\u00bb z_index=\u00bb\u00bb][vc_column][rev_slider_vc alias=\u00bbhome\u00bb][\/vc_column][\/vc_row][vc_row css_animation=\u00bb\u00bb row_type=\u00bbrow\u00bb use_row_as_full_screen_section=\u00bbno\u00bb type=\u00bbgrid\u00bb anchor=\u00bbdescrizione\u00bb angled_section=\u00bbno\u00bb text_align=\u00bbleft\u00bb background_image_as_pattern=\u00bbwithout_pattern\u00bb padding_top=\u00bb40&#8243; padding_bottom=\u00bb40&#8243; z_index=\u00bb\u00bb][vc_column][vc_separator css_animation=\u00bbfadeInDown\u00bb type=\u00bbnormal\u00bb color=\u00bb#ffffff\u00bb thickness=\u00bb1&#8243;][vc_empty_space][vc_column_text] Residenza Briati [\/vc_column_text][vc_empty_space][vc_row_inner row_type=\u00bbrow\u00bb type=\u00bbgrid\u00bb text_align=\u00bbleft\u00bb css_animation=\u00bb\u00bb][vc_column_inner width=\u00bb2\/3&#8243;][vc_column_text]A pocos pasos de Piazzale Roma y la Accademia, Residenza&#8230;<\/p>\n","protected":false},"author":1,"featured_media":0,"parent":0,"menu_order":0,"comment_status":"closed","ping_status":"closed","template":"full_width.php","meta":{"_monsterinsights_skip_tracking":false,"_monsterinsights_sitenote_active":false,"_monsterinsights_sitenote_note":"","_monsterinsights_sitenote_category":0},"aioseo_notices":[],"_links":{"self":[{"href":"https:\/\/www.residenzabriati.com\/es\/wp-json\/wp\/v2\/pages\/214"}],"collection":[{"href":"https:\/\/www.residenzabriati.com\/es\/wp-json\/wp\/v2\/pages"}],"about":[{"href":"https:\/\/www.residenzabriati.com\/es\/wp-json\/wp\/v2\/types\/page"}],"author":[{"embeddable":true,"href":"https:\/\/www.residenzabriati.com\/es\/wp-json\/wp\/v2\/users\/1"}],"replies":[{"embeddable":true,"href":"https:\/\/www.residenzabriati.com\/es\/wp-json\/wp\/v2\/comments?post=214"}],"version-history":[{"count":8,"href":"https:\/\/www.residenzabriati.com\/es\/wp-json\/wp\/v2\/pages\/214\/revisions"}],"predecessor-version":[{"id":286,"href":"https:\/\/www.residenzabriati.com\/es\/wp-json\/wp\/v2\/pages\/214\/revisions\/286"}],"wp:attachment":[{"href":"https:\/\/www.residenzabriati.com\/es\/wp-json\/wp\/v2\/media?parent=214"}],"curies":[{"name":"wp","href":"https:\/\/api.w.org\/{rel}","templated":true}]}}