{"id":217,"date":"2021-08-20T10:43:04","date_gmt":"2021-08-20T08:43:04","guid":{"rendered":"https:\/\/www.residenzabriati.com\/home-page\/"},"modified":"2022-06-29T16:50:20","modified_gmt":"2022-06-29T14:50:20","slug":"home-page","status":"publish","type":"page","link":"https:\/\/www.residenzabriati.com\/de\/","title":{"rendered":"Home Page"},"content":{"rendered":"<p>[vc_row css_animation=&#8220;&#8220; row_type=&#8220;row&#8220; use_row_as_full_screen_section=&#8220;no&#8220; type=&#8220;full_width&#8220; anchor=&#8220;home&#8220; angled_section=&#8220;yes&#8220; angled_section_position=&#8220;both&#8220; angled_section_direction=&#8220;from_left_to_right&#8220; text_align=&#8220;center&#8220; background_image_as_pattern=&#8220;without_pattern&#8220; z_index=&#8220;&#8220;][vc_column][rev_slider_vc alias=&#8220;home&#8220;][\/vc_column][\/vc_row][vc_row css_animation=&#8220;&#8220; row_type=&#8220;row&#8220; use_row_as_full_screen_section=&#8220;no&#8220; type=&#8220;grid&#8220; anchor=&#8220;descrizione&#8220; angled_section=&#8220;no&#8220; text_align=&#8220;left&#8220; background_image_as_pattern=&#8220;without_pattern&#8220; padding_top=&#8220;40&#8243; padding_bottom=&#8220;40&#8243; z_index=&#8220;&#8220;][vc_column][vc_separator css_animation=&#8220;fadeInDown&#8220; type=&#8220;normal&#8220; color=&#8220;#ffffff&#8220; thickness=&#8220;1&#8243;][vc_empty_space][vc_column_text]<\/p>\n<h2 style=\"text-align: center;\">Residenza Briati<\/h2>\n<p>[\/vc_column_text][vc_empty_space][vc_row_inner row_type=&#8220;row&#8220; type=&#8220;grid&#8220; text_align=&#8220;left&#8220; css_animation=&#8220;&#8220;][vc_column_inner width=&#8220;2\/3&#8243;][vc_column_text]Nur wenige Schritte vom Piazzale Roma und der Accademia entfernt bietet die Residenza Briati L\u00f6sungen f\u00fcr Paare und Familien in Gehweite des Campo Santa Margherita.<br \/>\nIm historischen Zentrum von Venedig, im Stadtteil Dorsoduro, liegt die Residence mitten in der f\u00fcr ihre Bacari und Restaurants bekannten Gegend, nur wenige Minuten von Frari, den Kunstgalerien der Accademia und dem Guggenheim-Museum entfernt.<br \/>\nDie k\u00fcrzlich renovierten Zimmer verf\u00fcgen \u00fcber jeglichen Komfort f\u00fcr einen angenehmen Aufenthalt im Herzen von Venedig.<br \/>\nResidenza Briati bietet Klimaanlage, Heizung, Wi-Fi, Wasserkocher, Haartrockner, K\u00fchlschrank und gemeinsames B\u00fcgelset in jedem Zimmer.<br \/>\nWeiche Handt\u00fccher und eine kostenlose Badezimmerlinie sind ebenfalls vorhanden.[\/vc_column_text][\/vc_column_inner][vc_column_inner width=&#8220;1\/3&#8243;][vc_single_image image=&#8220;172&#8243; img_size=&#8220;400&#215;300&#8243; alignment=&#8220;center&#8220; qode_css_animation=&#8220;&#8220;][\/vc_column_inner][\/vc_row_inner][vc_empty_space][vc_separator css_animation=&#8220;fadeInDown&#8220; type=&#8220;normal&#8220; color=&#8220;#ffffff&#8220; thickness=&#8220;1&#8243;][\/vc_column][\/vc_row][vc_row css_animation=&#8220;&#8220; row_type=&#8220;row&#8220; use_row_as_full_screen_section=&#8220;no&#8220; type=&#8220;grid&#8220; anchor=&#8220;camere&#8220; angled_section=&#8220;no&#8220; text_align=&#8220;left&#8220; background_image_as_pattern=&#8220;without_pattern&#8220; z_index=&#8220;1&#8243;][vc_column][vc_column_text]<\/p>\n<h2 style=\"text-align: center;\">Zimmer<\/h2>\n<p>[\/vc_column_text][vc_empty_space height=&#8220;50px&#8220;][vc_row_inner row_type=&#8220;row&#8220; type=&#8220;grid&#8220; text_align=&#8220;left&#8220; background_color=&#8220;#383838&#8243; padding_top=&#8220;30&#8243; padding_bottom=&#8220;30&#8243; css_animation=&#8220;&#8220;][vc_column_inner width=&#8220;2\/3&#8243;][vc_column_text]<\/p>\n<h3>DOPPELSCHLAFZIMMER MIT GEMEINSAMEN EXTERNEN BADEZIMMER<\/h3>\n<p>[\/vc_column_text][vc_empty_space height=&#8220;15px&#8220;][vc_column_text]Zimmer mit Doppelbett, Klimaanlage, Heizung und Marmorboden; Das externe Gemeinschaftsbad verf\u00fcgt \u00fcber eine Dusche und ein Bidet. M\u00f6bliert mit Schreibtisch, Kleiderschrank\/Schrank, Kleiderb\u00fcgel und<br \/>\nausgestattet mit kostenlosem WLAN. Um Ihren Aufenthalt angenehmer zu gestalten, finden Sie einen Wasserkocher f\u00fcr die Zubereitung von Tee und Kaffee, einen Haartrockner, Handt\u00fccher, Toilettenartikel, einen K\u00fchlschrank und ein B\u00fcgelset zur Mitbenutzung.[\/vc_column_text][\/vc_column_inner][vc_column_inner width=&#8220;1\/3&#8243;][vc_gallery interval=&#8220;3&#8243; images=&#8220;154,155,156&#8243; img_size=&#8220;400&#215;300&#8243;][\/vc_column_inner][\/vc_row_inner][vc_empty_space height=&#8220;5px&#8220;][vc_row_inner row_type=&#8220;row&#8220; type=&#8220;grid&#8220; text_align=&#8220;left&#8220; background_color=&#8220;#333333&#8243; padding_top=&#8220;30&#8243; padding_bottom=&#8220;30&#8243; css_animation=&#8220;&#8220;][vc_column_inner width=&#8220;2\/3&#8243;][vc_column_text]<\/p>\n<h3>STANDARD-DOPPELZIMMER<\/h3>\n<p>[\/vc_column_text][vc_empty_space height=&#8220;15px&#8220;][vc_column_text]Zimmer mit Doppelbett, eigenem Bad mit Dusche und Bidet, Klimaanlage, Heizung und Marmorboden.<br \/>\nM\u00f6bliert mit Schreibtisch, Kleiderschrank\/Schrank, Kleiderb\u00fcgel und ausgestattet mit kostenlosem WLAN.<br \/>\nUm Ihren Aufenthalt angenehmer zu gestalten, finden Sie einen Wasserkocher f\u00fcr die Zubereitung von Tee und Kaffee, einen Haartrockner, Handt\u00fccher, Toilettenartikel, einen K\u00fchlschrank und ein B\u00fcgelset zur Mitbenutzung.[\/vc_column_text][\/vc_column_inner][vc_column_inner width=&#8220;1\/3&#8243;][vc_gallery interval=&#8220;3&#8243; images=&#8220;175,174,153,152&#8243; img_size=&#8220;400&#215;300&#8243;][\/vc_column_inner][\/vc_row_inner][vc_empty_space height=&#8220;5px&#8220;][vc_row_inner row_type=&#8220;row&#8220; type=&#8220;grid&#8220; text_align=&#8220;left&#8220; background_color=&#8220;#383838&#8243; padding_top=&#8220;30&#8243; padding_bottom=&#8220;30&#8243; css_animation=&#8220;&#8220;][vc_column_inner width=&#8220;2\/3&#8243;][vc_column_text]<\/p>\n<h3>SUPERIOR 2 + 1 STANDARD-ZIMMER<\/h3>\n<p>[\/vc_column_text][vc_empty_space height=&#8220;15px&#8220;][vc_column_text]Zimmer mit Doppelbett und Einzelbett, eigenem Bad mit Dusche und Bidet, Klimaanlage, Heizung, Marmorboden. M\u00f6bliert mit Schreibtisch, Kleiderschrank\/Schrank, Kleiderb\u00fcgel und ausgestattet mit kostenlosem WLAN. Um Ihren Aufenthalt angenehmer zu gestalten, finden Sie einen Wasserkocher f\u00fcr die Zubereitung vonTee und Kaffee, einen Haartrockner, Handt\u00fccher, Toilettenartikel, einen K\u00fchlschrank und<br \/>\nein B\u00fcgelset zur Mitbenutzung.[\/vc_column_text][\/vc_column_inner][vc_column_inner width=&#8220;1\/3&#8243;][vc_gallery interval=&#8220;3&#8243; images=&#8220;158,157,159&#8243; img_size=&#8220;400&#215;300&#8243;][\/vc_column_inner][\/vc_row_inner][vc_empty_space height=&#8220;5px&#8220;][vc_row_inner row_type=&#8220;row&#8220; type=&#8220;grid&#8220; text_align=&#8220;left&#8220; background_color=&#8220;#333333&#8243; padding_top=&#8220;30&#8243; padding_bottom=&#8220;30&#8243; css_animation=&#8220;&#8220;][vc_column_inner width=&#8220;2\/3&#8243;][vc_column_text]<\/p>\n<h3>SUPERIOR-ZIMMER 2 + 1 MIT GEMEINSAMEN EXTERNEN BADEZIMMER<\/h3>\n<p>[\/vc_column_text][vc_empty_space height=&#8220;15px&#8220;][vc_column_text]Zimmer mit Doppelbett und Einzelbett, Klimaanlage, Heizung und Marmorboden; Das externe Gemeinschaftsbad verf\u00fcgt \u00fcber eine Dusche und ein Bidet. M\u00f6bliert mit Schreibtisch, Kleiderschrank\/Schrank, Kleiderb\u00fcgel und ausgestattet mit kostenlosem WLAN. Um Ihren Aufenthalt angenehmer zu gestalten, finden Sie einen Wasserkocher f\u00fcr die Zubereitung von Tee und Kaffee, einen<br \/>\nHaartrockner, Handt\u00fccher, Pflegeprodukte und ein B\u00fcgelset zur gemeinschaftlichen Nutzung.[\/vc_column_text][\/vc_column_inner][vc_column_inner width=&#8220;1\/3&#8243;][vc_gallery interval=&#8220;3&#8243; images=&#8220;162,161,160&#8243; img_size=&#8220;400&#215;300&#8243;][\/vc_column_inner][\/vc_row_inner][vc_empty_space height=&#8220;5px&#8220;][vc_row_inner row_type=&#8220;row&#8220; type=&#8220;grid&#8220; text_align=&#8220;left&#8220; background_color=&#8220;#383838&#8243; padding_top=&#8220;30&#8243; padding_bottom=&#8220;30&#8243; css_animation=&#8220;&#8220;][vc_column_inner width=&#8220;2\/3&#8243;][vc_column_text]<\/p>\n<h3>SUPERIOR-ZIMMER 2 + 1 + 1 MIT GEMEINSAMEN EXTERNEN BADEZIMMER<\/h3>\n<p>[\/vc_column_text][vc_empty_space height=&#8220;15px&#8220;][vc_column_text]Zimmer mit Doppelbett und Doppelschlafsofa, Klimaanlage, Heizung und Marmorboden; Das externe Gemeinschaftsbad verf\u00fcgt \u00fcber eine Dusche und ein Bidet.M\u00f6bliert mit Schreibtisch,<br \/>\nKleiderschrank\/Schrank, Kleiderb\u00fcgel und ausgestattet mit kostenlosem WLAN. Um Ihren Aufenthalt angenehmer zu gestalten, finden Sie einen Wasserkocher f\u00fcr die Zubereitung von Tee und Kaffee, einen Haartrockner.[\/vc_column_text][\/vc_column_inner][vc_column_inner width=&#8220;1\/3&#8243;][vc_gallery interval=&#8220;3&#8243; images=&#8220;163,165,166,164&#8243; img_size=&#8220;400&#215;300&#8243;][\/vc_column_inner][\/vc_row_inner][vc_empty_space height=&#8220;5px&#8220;][vc_row_inner row_type=&#8220;row&#8220; type=&#8220;grid&#8220; text_align=&#8220;left&#8220; background_color=&#8220;#333333&#8243; padding_top=&#8220;30&#8243; padding_bottom=&#8220;30&#8243; css_animation=&#8220;&#8220;][vc_column_inner width=&#8220;2\/3&#8243;][vc_column_text]<\/p>\n<h3>APARTMENT<\/h3>\n<p>[\/vc_column_text][vc_empty_space height=&#8220;15px&#8220;][vc_column_text]Apartment f\u00fcr bis zu 6 Personen verf\u00fcgbar mit Zimmern mit Doppelbetten und \/ oder Sofa Doppelbett und\/oder Einzelbett, Badezimmer mit Dusche und Bidet, Klimaanlage, Heizung, Marmorboden. Die Zimmer sind ausgestattet mit Schreibtisch, Kleiderschrank\/Schrank, Kleiderb\u00fcgel, und ausgestattet mit Gratis Wifi. Um Ihren Aufenthalt angenehmer zu gestalten, finden Sie einen Wasserkocher f\u00fcr die Tee-\/Kaffeezubereiter, Haartrockner, Handt\u00fccher, Toilettenartikel, K\u00fcche und B\u00fcgelset. Das K\u00fcche ist ausgestattet mit K\u00fchlschrank, Elektroherd, Mikrowelle, Tisch, St\u00fchlen und allen notwendigen Utensilien.[\/vc_column_text][\/vc_column_inner][vc_column_inner width=&#8220;1\/3&#8243;][vc_gallery interval=&#8220;3&#8243; images=&#8220;173,172,171,170,169,168,167&#8243; img_size=&#8220;400&#215;300&#8243;][\/vc_column_inner][\/vc_row_inner][\/vc_column][\/vc_row][vc_row css_animation=&#8220;&#8220; row_type=&#8220;row&#8220; use_row_as_full_screen_section=&#8220;no&#8220; type=&#8220;grid&#8220; anchor=&#8220;gallery&#8220; angled_section=&#8220;no&#8220; text_align=&#8220;left&#8220; background_image_as_pattern=&#8220;without_pattern&#8220; padding_top=&#8220;40&#8243; padding_bottom=&#8220;40&#8243; z_index=&#8220;&#8220;][vc_column][vc_separator css_animation=&#8220;fadeInDown&#8220; type=&#8220;normal&#8220; color=&#8220;#ffffff&#8220; thickness=&#8220;1&#8243;][vc_empty_space][vc_column_text]<\/p>\n<h2 style=\"text-align: center;\">Galerie<\/h2>\n<p>[\/vc_column_text][vc_empty_space][vc_row_inner row_type=&#8220;row&#8220; type=&#8220;full_width&#8220; text_align=&#8220;left&#8220; css_animation=&#8220;&#8220;][vc_column_inner][vc_gallery type=&#8220;image_grid&#8220; images=&#8220;175,174,173,172,171,170,169,168,167,166,165,164,163,162,161,160,159,158,157,156,155,154,153,152&#8243; img_size=&#8220;400&#215;300&#8243; onclick=&#8220;img_link_large&#8220; column_number=&#8220;4&#8243; grayscale=&#8220;no&#8220; images_space=&#8220;gallery_with_space&#8220;][\/vc_column_inner][\/vc_row_inner][vc_empty_space][vc_separator css_animation=&#8220;fadeInDown&#8220; type=&#8220;normal&#8220; color=&#8220;#ffffff&#8220; thickness=&#8220;1&#8243;][\/vc_column][\/vc_row][vc_row css_animation=&#8220;&#8220; row_type=&#8220;row&#8220; use_row_as_full_screen_section=&#8220;no&#8220; type=&#8220;full_width&#8220; anchor=&#8220;posizione&#8220; angled_section=&#8220;no&#8220; text_align=&#8220;left&#8220; background_image_as_pattern=&#8220;without_pattern&#8220; z_index=&#8220;&#8220;][vc_column][vc_empty_space][vc_column_text]<\/p>\n<h2 style=\"text-align: center;\">Lage<\/h2>\n<p>[\/vc_column_text][vc_empty_space][vc_row_inner row_type=&#8220;row&#8220; type=&#8220;grid&#8220; text_align=&#8220;left&#8220; css_animation=&#8220;&#8220;][vc_column_inner][vc_column_text]<br \/>\nDie Residenza Briati befindet sich in der Calle del Forno (Dorsoduro, 2967 \/ a) in Campo S. Margherita, die seit jeher eines der lebendigsten und repr\u00e4sentativsten Zentren des venezianischen Lebens war und von Touristen wegen der Anwesenheit von Bars, Restaurants und Superm\u00e4rkten geliebt wird. Das Anwesen befindet sich auch nur wenige Gehminuten vom Bahnhof Venedig S. Lucia und dem Piazzale Roma, dem Ankunftspunkt f\u00fcr Autos, Busse und Stra\u00dfenbahnen, entfernt.<br \/>\n[\/vc_column_text][\/vc_column_inner][\/vc_row_inner][vc_empty_space height=&#8220;50px&#8220;][vc_gmaps link=&#8220;#E-8_JTNDaWZyYW1lJTIwc3JjJTNEJTIyaHR0cHMlM0ElMkYlMkZ3d3cuZ29vZ2xlLmNvbSUyRm1hcHMlMkZlbWJlZCUzRnBiJTNEJTIxMW0xOCUyMTFtMTIlMjExbTMlMjExZDk0MTYuNzI2MTAzMzA4NDE0JTIxMmQxMi4zMzAzOTgxMTE4NTQ0MzYlMjEzZDQ1LjQzNzM3NDIxMjMwNTg0JTIxMm0zJTIxMWYwJTIxMmYwJTIxM2YwJTIxM20yJTIxMWkxMDI0JTIxMmk3NjglMjE0ZjEzLjElMjEzbTMlMjExbTIlMjExczB4NDc3ZWIxYzhkMWI1YTFmZiUyNTNBMHgyYzBmYjRhZjBjNDIzYTVmJTIxMnNDYW1wbyUyNTIwU2FudGElMjUyME1hcmdoZXJpdGElMjUyQyUyNTIwMjk2NyUyNTJDJTI1MjAzMDEyMyUyNTIwVmVuZXppYSUyNTIwVkUlMjE1ZTAlMjEzbTIlMjExc2l0JTIxMnNpdCUyMTR2MTYyODg3MTA2OTg0NSUyMTVtMiUyMTFzaXQlMjEyc2l0JTIyJTIwd2lkdGglM0QlMjI2MDAlMjIlMjBoZWlnaHQlM0QlMjI0NTAlMjIlMjBzdHlsZSUzRCUyMmJvcmRlciUzQTAlM0IlMjIlMjBhbGxvd2Z1bGxzY3JlZW4lM0QlMjIlMjIlMjBsb2FkaW5nJTNEJTIybGF6eSUyMiUzRSUzQyUyRmlmcmFtZSUzRQ==&#8220; size=&#8220;600&#8243;][\/vc_column][\/vc_row]<\/p>\n","protected":false},"excerpt":{"rendered":"<p>[vc_row css_animation=&#8220;&#8220; row_type=&#8220;row&#8220; use_row_as_full_screen_section=&#8220;no&#8220; type=&#8220;full_width&#8220; anchor=&#8220;home&#8220; angled_section=&#8220;yes&#8220; angled_section_position=&#8220;both&#8220; angled_section_direction=&#8220;from_left_to_right&#8220; text_align=&#8220;center&#8220; background_image_as_pattern=&#8220;without_pattern&#8220; z_index=&#8220;&#8220;][vc_column][rev_slider_vc alias=&#8220;home&#8220;][\/vc_column][\/vc_row][vc_row css_animation=&#8220;&#8220; row_type=&#8220;row&#8220; use_row_as_full_screen_section=&#8220;no&#8220; type=&#8220;grid&#8220; anchor=&#8220;descrizione&#8220; angled_section=&#8220;no&#8220; text_align=&#8220;left&#8220; background_image_as_pattern=&#8220;without_pattern&#8220; padding_top=&#8220;40&#8243; padding_bottom=&#8220;40&#8243; z_index=&#8220;&#8220;][vc_column][vc_separator css_animation=&#8220;fadeInDown&#8220; type=&#8220;normal&#8220; color=&#8220;#ffffff&#8220; thickness=&#8220;1&#8243;][vc_empty_space][vc_column_text] Residenza Briati [\/vc_column_text][vc_empty_space][vc_row_inner row_type=&#8220;row&#8220; type=&#8220;grid&#8220; text_align=&#8220;left&#8220; css_animation=&#8220;&#8220;][vc_column_inner width=&#8220;2\/3&#8243;][vc_column_text]Nur wenige Schritte vom Piazzale Roma und der Accademia entfernt&#8230;<\/p>\n","protected":false},"author":1,"featured_media":0,"parent":0,"menu_order":0,"comment_status":"closed","ping_status":"closed","template":"full_width.php","meta":{"_monsterinsights_skip_tracking":false,"_monsterinsights_sitenote_active":false,"_monsterinsights_sitenote_note":"","_monsterinsights_sitenote_category":0},"aioseo_notices":[],"_links":{"self":[{"href":"https:\/\/www.residenzabriati.com\/de\/wp-json\/wp\/v2\/pages\/217"}],"collection":[{"href":"https:\/\/www.residenzabriati.com\/de\/wp-json\/wp\/v2\/pages"}],"about":[{"href":"https:\/\/www.residenzabriati.com\/de\/wp-json\/wp\/v2\/types\/page"}],"author":[{"embeddable":true,"href":"https:\/\/www.residenzabriati.com\/de\/wp-json\/wp\/v2\/users\/1"}],"replies":[{"embeddable":true,"href":"https:\/\/www.residenzabriati.com\/de\/wp-json\/wp\/v2\/comments?post=217"}],"version-history":[{"count":8,"href":"https:\/\/www.residenzabriati.com\/de\/wp-json\/wp\/v2\/pages\/217\/revisions"}],"predecessor-version":[{"id":288,"href":"https:\/\/www.residenzabriati.com\/de\/wp-json\/wp\/v2\/pages\/217\/revisions\/288"}],"wp:attachment":[{"href":"https:\/\/www.residenzabriati.com\/de\/wp-json\/wp\/v2\/media?parent=217"}],"curies":[{"name":"wp","href":"https:\/\/api.w.org\/{rel}","templated":true}]}}